{"id":53,"date":"2020-11-13T19:51:12","date_gmt":"2020-11-13T19:51:12","guid":{"rendered":"https:\/\/www.hofbesichtigung.ch\/?page_id=53"},"modified":"2022-01-19T09:39:51","modified_gmt":"2022-01-19T09:39:51","slug":"in-bearbeitung-ihre-hofbesichtigungen","status":"publish","type":"page","link":"https:\/\/www.hofbesichtigung.ch\/index.php\/in-bearbeitung-ihre-hofbesichtigungen\/","title":{"rendered":"Hofbesichtigung mit \u00dcbernachtung"},"content":{"rendered":"<p><strong>Bevor Sie uns anfragen, ob wir Ihre Hofbesichtigung auch aufschalten, checken Sie bitte, welche Kriterien Ihr Hof erf\u00fcllen muss. Scrollen!<\/strong><\/p>\n<h2><strong>Bauernhof besichtigen und \u00fcbernachten\u00a0<\/strong><\/h2>\n<p><a href=\"https:\/\/www.skiurlaubschweiz.ch\/skiurlaub-solarlift\/\"><img loading=\"lazy\" decoding=\"async\" class=\"alignnone wp-image-118\" src=\"https:\/\/www.hofbesichtigung.ch\/wp-content\/uploads\/2021\/05\/foto-solarlift-c-tenna-300x199.jpg\" alt=\"solarskilift biohof\" width=\"1400\" height=\"928\" srcset=\"https:\/\/www.hofbesichtigung.ch\/wp-content\/uploads\/2021\/05\/foto-solarlift-c-tenna-300x199.jpg 300w, https:\/\/www.hofbesichtigung.ch\/wp-content\/uploads\/2021\/05\/foto-solarlift-c-tenna-1024x679.jpg 1024w, https:\/\/www.hofbesichtigung.ch\/wp-content\/uploads\/2021\/05\/foto-solarlift-c-tenna-768x509.jpg 768w, https:\/\/www.hofbesichtigung.ch\/wp-content\/uploads\/2021\/05\/foto-solarlift-c-tenna.jpg 1077w\" sizes=\"auto, (max-width: 1400px) 100vw, 1400px\" \/><\/a><\/p>\n<p><strong>Skiurlaub auf Bauernhof machen <a href=\"https:\/\/www.skiurlaubschweiz.ch\/skiurlaub-solarlift\/\" target=\"_blank\" rel=\"noopener\">Skiurlaub Tenna mit Solarlift<\/a><\/strong><\/p>\n<p>&nbsp;<\/p>\n<ul>\n<li>Bauernhof oder naturnaher Betrieb (z.B. Alpakatrekking, Fischzucht, K\u00e4sen, Bierbrauen, Holzen oder K\u00f6hlern&#8230;)<\/li>\n<li>Sie machen F\u00fchrungen und zeigen etwas Spezielles auf Ihrem Hof oder Wald<\/li>\n<li>Es hat nicht schon einen Hof oder KMU n\u00e4her als 25 km bei Ihnen, der schon Netzwerkpartner ist. Ausser Sie arbeiten mit diesem Hof zusammen!<\/li>\n<li>Pro Region gibt es nur ein KMU, je nach Gr\u00f6sse des Kanton sind es mehrere!<\/li>\n<li>Z.B. Hof im Berner (Oberland Skifahren ) &#8211; Hof im Berner Jura (Reiten) &#8211; Hof am Bielersee (Weinbau) &#8211; Hof n\u00e4he Stadt Bern mit Eventlokal<\/li>\n<\/ul>\n<p>&nbsp;<\/p>\n<p><strong>Es besteht kein Anspruch auf eine Aufschaltung! Gr\u00fcnde zur Ablehnung:<\/strong><\/p>\n<p>z.B.\u00a0 zu nahe an einem bestehenden Angebot, d.h. wenn ein KMU im <a href=\"https:\/\/www.urlaubschweiz.org\/alpakatrekking-jura\/\" target=\"_blank\" rel=\"noopener\">Jura bereits Alpakatrekking<\/a> anbietet, kann dies kein zweites KMU auf unserer Plattform im Jura tun. Hingegen, wenn Sie Alpakatrekking im Wallis anbieten oder im Tessin, schalten wir Sie gerne auf.<\/p>\n<p><strong>Sie m\u00f6chten auf der Titelseite mitschreiben? Dies ist f\u00fcr nur Fr. 120.- im Jahr m\u00f6glich.<\/strong><\/p>\n<p><strong>Mailen Sie uns. Kontakt userhelp.ch<\/strong><\/p>\n","protected":false},"excerpt":{"rendered":"<p>Bevor Sie uns anfragen, ob wir Ihre Hofbesichtigung auch aufschalten, checken Sie bitte, welche Kriterien Ihr Hof erf\u00fcllen muss. Scrollen! Bauernhof besichtigen und \u00fcbernachten\u00a0 Skiurlaub auf Bauernhof machen Skiurlaub Tenna mit Solarlift &nbsp; Bauernhof oder naturnaher Betrieb (z.B. Alpakatrekking, Fischzucht, K\u00e4sen, Bierbrauen, Holzen oder K\u00f6hlern&#8230;) Sie machen F\u00fchrungen und zeigen etwas Spezielles auf Ihrem Hof [&hellip;]<\/p>\n","protected":false},"author":1,"featured_media":92,"parent":0,"menu_order":0,"comment_status":"closed","ping_status":"closed","template":"","meta":{"footnotes":""},"class_list":["post-53","page","type-page","status-publish","has-post-thumbnail","czr-hentry"],"_links":{"self":[{"href":"https:\/\/www.hofbesichtigung.ch\/index.php\/wp-json\/wp\/v2\/pages\/53","targetHints":{"allow":["GET"]}}],"collection":[{"href":"https:\/\/www.hofbesichtigung.ch\/index.php\/wp-json\/wp\/v2\/pages"}],"about":[{"href":"https:\/\/www.hofbesichtigung.ch\/index.php\/wp-json\/wp\/v2\/types\/page"}],"author":[{"embeddable":true,"href":"https:\/\/www.hofbesichtigung.ch\/index.php\/wp-json\/wp\/v2\/users\/1"}],"replies":[{"embeddable":true,"href":"https:\/\/www.hofbesichtigung.ch\/index.php\/wp-json\/wp\/v2\/comments?post=53"}],"version-history":[{"count":14,"href":"https:\/\/www.hofbesichtigung.ch\/index.php\/wp-json\/wp\/v2\/pages\/53\/revisions"}],"predecessor-version":[{"id":158,"href":"https:\/\/www.hofbesichtigung.ch\/index.php\/wp-json\/wp\/v2\/pages\/53\/revisions\/158"}],"wp:featuredmedia":[{"embeddable":true,"href":"https:\/\/www.hofbesichtigung.ch\/index.php\/wp-json\/wp\/v2\/media\/92"}],"wp:attachment":[{"href":"https:\/\/www.hofbesichtigung.ch\/index.php\/wp-json\/wp\/v2\/media?parent=53"}],"curies":[{"name":"wp","href":"https:\/\/api.w.org\/{rel}","templated":true}]}}