{"id":21,"date":"2020-11-13T19:26:58","date_gmt":"2020-11-13T19:26:58","guid":{"rendered":"https:\/\/www.hofbesichtigung.ch\/?page_id=21"},"modified":"2021-05-16T15:38:49","modified_gmt":"2021-05-16T15:38:49","slug":"bauernhof-besichtigen","status":"publish","type":"page","link":"https:\/\/www.hofbesichtigung.ch\/index.php\/bauernhof-besichtigen\/","title":{"rendered":"Bauernhof besichtigen"},"content":{"rendered":"<h1>Natur und Tourismus<\/h1>\n<p><strong>\u00a0Hofbesichtigungen in der Schweiz &#8211; Hofbesichtigungen Deutschland\u00a0 &#8211; Hofbesichtigungen \u00d6sterreich. Wir schalten hier 4 Hofbesichtigungen in der Schweiz, die auch ein bnb oder Ferienwohnungen haben oder eine gute Baumh\u00fctte oder Zirkuswagen. Eine Wanderung oder eine sch\u00f6ne Velotour sollte bei Ihnen auch noch m\u00f6glich sein! Der ideale Bauernhof k\u00f6nnte auch in einem guten Skigebiet der Schweiz sein. Warum siehe Skiurlaub Schweiz ab Bauernhof\u00a0<\/strong><\/p>\n<div id='gallery-1' class='czr-gallery row flex-row czr-gallery-style gallery galleryid-21 gallery-columns-4 gallery-size-medium'><figure class='gallery-item col col-auto'>\r\n                        <div class='gallery-icon landscape czr-gallery-icon'>\r\n                              <a href=https:\/\/www.hofbesichtigung.ch\/index.php\/bauernhof-besichtigen\/schweizferien-400x250\/ class=\"bg-link\"><\/a><img loading=\"lazy\" decoding=\"async\" width=\"300\" height=\"188\" src=\"https:\/\/www.hofbesichtigung.ch\/wp-content\/uploads\/2021\/02\/schweizferien-400x250-1-300x188.jpg\" class=\"attachment-medium size-medium no-lazy\" alt=\"\" sizes=\"auto, (min-width: 1200px) 255px, (min-width: 992px) 210px, (min-width: 768px) 150px, (min-width: 576px) 105px, calc( 50vw - 30px )\" aria-describedby=\"gallery-1-65\" srcset=\"https:\/\/www.hofbesichtigung.ch\/wp-content\/uploads\/2021\/02\/schweizferien-400x250-1-300x188.jpg 300w, https:\/\/www.hofbesichtigung.ch\/wp-content\/uploads\/2021\/02\/schweizferien-400x250-1-230x144.jpg 230w, https:\/\/www.hofbesichtigung.ch\/wp-content\/uploads\/2021\/02\/schweizferien-400x250-1-350x219.jpg 350w, https:\/\/www.hofbesichtigung.ch\/wp-content\/uploads\/2021\/02\/schweizferien-400x250-1.jpg 400w\" \/><div class=\"post-action btn btn-skin-dark-shaded inverted\"><a href=\"https:\/\/www.hofbesichtigung.ch\/wp-content\/uploads\/2021\/02\/schweizferien-400x250-1.jpg\" class=\"icn-expand\" data-lb-type=\"grouped-gallery\" title=\"Bio? IP oder naturnah?\"><\/a><\/div>\r\n                        <\/div>\r\n                              <figcaption class='wp-caption-text gallery-caption' id='gallery-1-65'>\r\n                              Bio? IP oder naturnah?\r\n                              <\/figcaption><\/figure><figure class='gallery-item col col-auto'>\r\n                        <div class='gallery-icon landscape czr-gallery-icon'>\r\n                              <a href=https:\/\/www.hofbesichtigung.ch\/index.php\/bauernhof-besichtigen\/cof\/ class=\"bg-link\"><\/a><img loading=\"lazy\" decoding=\"async\" width=\"300\" height=\"188\" src=\"https:\/\/www.hofbesichtigung.ch\/wp-content\/uploads\/2021\/02\/radurlaub-schweiz-logo-300x188.jpg\" class=\"attachment-medium size-medium no-lazy\" alt=\"\" sizes=\"auto, (min-width: 1200px) 255px, (min-width: 992px) 210px, (min-width: 768px) 150px, (min-width: 576px) 105px, calc( 50vw - 30px )\" aria-describedby=\"gallery-1-64\" srcset=\"https:\/\/www.hofbesichtigung.ch\/wp-content\/uploads\/2021\/02\/radurlaub-schweiz-logo-300x188.jpg 300w, https:\/\/www.hofbesichtigung.ch\/wp-content\/uploads\/2021\/02\/radurlaub-schweiz-logo-230x144.jpg 230w, https:\/\/www.hofbesichtigung.ch\/wp-content\/uploads\/2021\/02\/radurlaub-schweiz-logo-350x219.jpg 350w, https:\/\/www.hofbesichtigung.ch\/wp-content\/uploads\/2021\/02\/radurlaub-schweiz-logo.jpg 400w\" \/><div class=\"post-action btn btn-skin-dark-shaded inverted\"><a href=\"https:\/\/www.hofbesichtigung.ch\/wp-content\/uploads\/2021\/02\/radurlaub-schweiz-logo.jpg\" class=\"icn-expand\" data-lb-type=\"grouped-gallery\" title=\"Hofbesichtigungen mit ebike\"><\/a><\/div>\r\n                        <\/div>\r\n                              <figcaption class='wp-caption-text gallery-caption' id='gallery-1-64'>\r\n                              Hofbesichtigungen mit ebike\r\n                              <\/figcaption><\/figure><figure class='gallery-item col col-auto'>\r\n                        <div class='gallery-icon landscape czr-gallery-icon'>\r\n                              <a href=https:\/\/www.hofbesichtigung.ch\/index.php\/bauernhof-besichtigen\/logo-reiten-schweiz\/ class=\"bg-link\"><\/a><img loading=\"lazy\" decoding=\"async\" width=\"300\" height=\"188\" src=\"https:\/\/www.hofbesichtigung.ch\/wp-content\/uploads\/2021\/02\/logo-reiten-schweiz-300x188.jpg\" class=\"attachment-medium size-medium no-lazy\" alt=\"\" sizes=\"auto, (min-width: 1200px) 255px, (min-width: 992px) 210px, (min-width: 768px) 150px, (min-width: 576px) 105px, calc( 50vw - 30px )\" aria-describedby=\"gallery-1-63\" srcset=\"https:\/\/www.hofbesichtigung.ch\/wp-content\/uploads\/2021\/02\/logo-reiten-schweiz-300x188.jpg 300w, https:\/\/www.hofbesichtigung.ch\/wp-content\/uploads\/2021\/02\/logo-reiten-schweiz-230x144.jpg 230w, https:\/\/www.hofbesichtigung.ch\/wp-content\/uploads\/2021\/02\/logo-reiten-schweiz-350x219.jpg 350w, https:\/\/www.hofbesichtigung.ch\/wp-content\/uploads\/2021\/02\/logo-reiten-schweiz.jpg 400w\" \/><div class=\"post-action btn btn-skin-dark-shaded inverted\"><a href=\"https:\/\/www.hofbesichtigung.ch\/wp-content\/uploads\/2021\/02\/logo-reiten-schweiz.jpg\" class=\"icn-expand\" data-lb-type=\"grouped-gallery\" title=\"KMU in der Natur\"><\/a><\/div>\r\n                        <\/div>\r\n                              <figcaption class='wp-caption-text gallery-caption' id='gallery-1-63'>\r\n                              KMU in der Natur\r\n                              <\/figcaption><\/figure><figure class='gallery-item col col-auto'>\r\n                        <div class='gallery-icon landscape czr-gallery-icon'>\r\n                              <a href=https:\/\/www.hofbesichtigung.ch\/index.php\/bauernhof-besichtigen\/wanderurlaub-logo400x250px\/ class=\"bg-link\"><\/a><img loading=\"lazy\" decoding=\"async\" width=\"300\" height=\"188\" src=\"https:\/\/www.hofbesichtigung.ch\/wp-content\/uploads\/2021\/02\/wanderurlaub-logo400x250px-300x188.jpg\" class=\"attachment-medium size-medium no-lazy\" alt=\"\" sizes=\"auto, (min-width: 1200px) 255px, (min-width: 992px) 210px, (min-width: 768px) 150px, (min-width: 576px) 105px, calc( 50vw - 30px )\" aria-describedby=\"gallery-1-66\" srcset=\"https:\/\/www.hofbesichtigung.ch\/wp-content\/uploads\/2021\/02\/wanderurlaub-logo400x250px-300x188.jpg 300w, https:\/\/www.hofbesichtigung.ch\/wp-content\/uploads\/2021\/02\/wanderurlaub-logo400x250px-230x144.jpg 230w, https:\/\/www.hofbesichtigung.ch\/wp-content\/uploads\/2021\/02\/wanderurlaub-logo400x250px-350x219.jpg 350w, https:\/\/www.hofbesichtigung.ch\/wp-content\/uploads\/2021\/02\/wanderurlaub-logo400x250px.jpg 400w\" \/><div class=\"post-action btn btn-skin-dark-shaded inverted\"><a href=\"https:\/\/www.hofbesichtigung.ch\/wp-content\/uploads\/2021\/02\/wanderurlaub-logo400x250px.jpg\" class=\"icn-expand\" data-lb-type=\"grouped-gallery\" title=\"Wandern und Natur!\"><\/a><\/div>\r\n                        <\/div>\r\n                              <figcaption class='wp-caption-text gallery-caption' id='gallery-1-66'>\r\n                              Wandern und Natur!\r\n                              <\/figcaption><\/figure>\r\n                  <\/div>\n\n<p><strong>Als Hof oder KMU mit machen?- Lies unten mehr!<\/strong><\/p>\n<p><strong><a href=\"https:\/\/www.userhelp.ch\/bauernhof-emmental\/\" target=\"_blank\" rel=\"noopener noreferrer\">Bauernhof Emmental<\/a><\/strong><\/p>\n<p><strong><a href=\"https:\/\/www.alpakatrekking-jura.ch\/\" target=\"_blank\" rel=\"noopener noreferrer\">Alpakatrekking Jura<\/a><\/strong><\/p>\n<p><strong><a href=\"https:\/\/www.wandern-jura.ch\/wandertipps-jura-1\/forellenzucht-fischkurs\/\" target=\"_blank\" rel=\"noopener noreferrer\">Forellenfischen Jura<\/a><\/strong><\/p>\n<p><strong><a href=\"https:\/\/www.wanderurlaub-schweiz.info\/sch%C3%B6nste-wanderungen-schweiz\/pfahlbauer-mittelland\/\" target=\"_blank\" rel=\"noopener noreferrer\">Waldwanderung\u00a0<\/a> und <a href=\"https:\/\/www.tourismus-mittelland.ch\/highlights\/pfahlbauer-kelten\/\" target=\"_blank\" rel=\"noopener noreferrer\">Pfahlbauer Mittelland<\/a><\/strong><\/p>\n<p><a href=\"https:\/\/www.wanderurlaub-schweiz.info\/alpen\/wandern-wallis\/weinwanderung-wallis\/\" target=\"_blank\" rel=\"noopener noreferrer\"><strong>Rebbergbesichtigen im Wallis<\/strong><\/a><\/p>\n<p><a href=\"https:\/\/www.reitferien-schweiz.ch\/reitferien-wallis\/\" target=\"_blank\" rel=\"noopener noreferrer\"><strong>Pferdetrekking im Wallis<\/strong><\/a><\/p>\n<p><strong>Gem\u00fcsebauernhof besichtigen Sie?<\/strong><\/p>\n<p><strong>Bauernhof Berner Oberland z.B K\u00e4se Sie?<\/strong><\/p>\n<p><strong>Fischer an einem Schweizer See- Sie?<\/strong><\/p>\n<p>&nbsp;<\/p>\n<p><strong>Wir stellen Ihnen auf der Hofbesichtigung Schweiz Webseite eine Auswahl an speziellen Bauernh\u00f6fen und landwirtschaftlichen Betrieben vor.\u00a0 Hofbesichtigungen k\u00f6nnen bei Kindern und Erwachsenen das Verst\u00e4ndnis f\u00f6rdern f\u00fcr eine naturnahe und tierfreundliche Landwirtschaft und f\u00fcr Betriebe, die in und mit der Natur arbeiten. Ihren Bauernhof oder KMU aufschalten?<\/strong><\/p>\n<h2>Ihren Hof oder KMU aufschalten?<\/h2>\n<p>Ihr Bauernhof oder KMU sollte biologisch oder zumindest IP sein, damit wir Sie aufschalten.<\/p>\n<p>Dabei fassen wir den Begriff weit &#8211; KMU, die in der Natur arbeiten, das k\u00f6nnen durchaus auch ganz spezielle Betriebe sein, wie das Angebot Alpakatrekking im Jura oder die Forellenzucht oder die Hofbesichtigung des Biohofes im Emmental oder die Rebbergbesichtigung im Wallis.<\/p>\n<p>Was f\u00fcr alle Hofbesichtigungen gilt, wenn wir einen Toppartner Betrieb haben in der Region, gibt es keinen zweiten Hof oder KMU!<\/p>\n<p><strong>Sanfter Tourismus Schweiz Partner<\/strong><\/p>\n<p>&nbsp;<\/p>\n<p>&nbsp;<\/p>\n","protected":false},"excerpt":{"rendered":"<p>Natur und Tourismus \u00a0Hofbesichtigungen in der Schweiz &#8211; Hofbesichtigungen Deutschland\u00a0 &#8211; Hofbesichtigungen \u00d6sterreich. Wir schalten hier 4 Hofbesichtigungen in der Schweiz, die auch ein bnb oder Ferienwohnungen haben oder eine gute Baumh\u00fctte oder Zirkuswagen. Eine Wanderung oder eine sch\u00f6ne Velotour sollte bei Ihnen auch noch m\u00f6glich sein! Der ideale Bauernhof k\u00f6nnte auch in einem guten [&hellip;]<\/p>\n","protected":false},"author":1,"featured_media":0,"parent":0,"menu_order":0,"comment_status":"closed","ping_status":"closed","template":"","meta":{"footnotes":""},"class_list":["post-21","page","type-page","status-publish","czr-hentry"],"_links":{"self":[{"href":"https:\/\/www.hofbesichtigung.ch\/index.php\/wp-json\/wp\/v2\/pages\/21","targetHints":{"allow":["GET"]}}],"collection":[{"href":"https:\/\/www.hofbesichtigung.ch\/index.php\/wp-json\/wp\/v2\/pages"}],"about":[{"href":"https:\/\/www.hofbesichtigung.ch\/index.php\/wp-json\/wp\/v2\/types\/page"}],"author":[{"embeddable":true,"href":"https:\/\/www.hofbesichtigung.ch\/index.php\/wp-json\/wp\/v2\/users\/1"}],"replies":[{"embeddable":true,"href":"https:\/\/www.hofbesichtigung.ch\/index.php\/wp-json\/wp\/v2\/comments?post=21"}],"version-history":[{"count":13,"href":"https:\/\/www.hofbesichtigung.ch\/index.php\/wp-json\/wp\/v2\/pages\/21\/revisions"}],"predecessor-version":[{"id":75,"href":"https:\/\/www.hofbesichtigung.ch\/index.php\/wp-json\/wp\/v2\/pages\/21\/revisions\/75"}],"wp:attachment":[{"href":"https:\/\/www.hofbesichtigung.ch\/index.php\/wp-json\/wp\/v2\/media?parent=21"}],"curies":[{"name":"wp","href":"https:\/\/api.w.org\/{rel}","templated":true}]}}